{"id":206,"date":"2026-01-14T15:01:36","date_gmt":"2026-01-14T15:01:36","guid":{"rendered":"https:\/\/mysnde.mr\/?page_id=206"},"modified":"2026-01-14T15:26:47","modified_gmt":"2026-01-14T15:26:47","slug":"leagal_mentions","status":"publish","type":"page","link":"https:\/\/mysnde.mr\/index.php\/leagal_mentions\/","title":{"rendered":"Leagal_mentions"},"content":{"rendered":"\t\t<div data-elementor-type=\"wp-page\" data-elementor-id=\"206\" class=\"elementor elementor-206\">\n\t\t\t\t<div class=\"elementor-element elementor-element-d388d7c e-flex e-con-boxed wpr-particle-no wpr-jarallax-no wpr-parallax-no wpr-sticky-section-no e-con e-parent\" data-id=\"d388d7c\" data-element_type=\"container\">\n\t\t\t\t\t<div class=\"e-con-inner\">\n\t\t\t\t<div class=\"elementor-element elementor-element-a9deea0 elementor-widget elementor-widget-heading\" data-id=\"a9deea0\" data-element_type=\"widget\" data-widget_type=\"heading.default\">\n\t\t\t\t\t<h2 class=\"elementor-heading-title elementor-size-default\">1. Informations g\u00e9n\u00e9rales<\/h2>\t\t\t\t<\/div>\n\t\t\t\t<div class=\"elementor-element elementor-element-eb67c2e elementor-widget elementor-widget-text-editor\" data-id=\"eb67c2e\" data-element_type=\"widget\" data-widget_type=\"text-editor.default\">\n\t\t\t\t\t\t\t\t\t<p data-start=\"516\" data-end=\"717\">Le pr\u00e9sent site internet est \u00e9dit\u00e9 par la<br data-start=\"557\" data-end=\"560\" \/><strong data-start=\"560\" data-end=\"597\">SNDE \u2014 Soci\u00e9t\u00e9 Nationale de l\u2019Eau<\/strong>,<br data-start=\"598\" data-end=\"601\" \/>\u00e9tablissement public en charge de la production, du traitement et de la distribution de l\u2019eau potable en Mauritanie.<\/p><p data-start=\"719\" data-end=\"811\"><strong data-start=\"719\" data-end=\"737\">Si\u00e8ge social :<\/strong> Nouakchott, Mauritanie<br data-start=\"760\" data-end=\"763\" \/><strong data-start=\"763\" data-end=\"778\">T\u00e9l\u00e9phone :<\/strong> +222 45 25 00 63<\/p>\t\t\t\t\t\t\t\t<\/div>\n\t\t<div class=\"elementor-element elementor-element-c094851 e-con-full e-flex wpr-particle-no wpr-jarallax-no wpr-parallax-no wpr-sticky-section-no e-con e-child\" data-id=\"c094851\" data-element_type=\"container\">\n\t\t\t\t<div class=\"elementor-element elementor-element-04946f2 elementor-widget elementor-widget-heading\" data-id=\"04946f2\" data-element_type=\"widget\" data-widget_type=\"heading.default\">\n\t\t\t\t\t<h2 class=\"elementor-heading-title elementor-size-default\">2. H\u00e9bergement du site<\/h2>\t\t\t\t<\/div>\n\t\t\t\t<div class=\"elementor-element elementor-element-1dffc09 elementor-widget elementor-widget-text-editor\" data-id=\"1dffc09\" data-element_type=\"widget\" data-widget_type=\"text-editor.default\">\n\t\t\t\t\t\t\t\t\t<p data-start=\"516\" data-end=\"717\"><span style=\"font-size: 16px;\">Le site est h\u00e9berg\u00e9 par :<br data-start=\"997\" data-end=\"1000\" \/><strong data-start=\"1000\" data-end=\"1024\">SNDE<\/strong><\/span><\/p><p data-start=\"516\" data-end=\"717\"><span style=\"font-size: 16px;\">D\u00e9velopp\u00e9 et maintenu par :<br data-start=\"1024\" data-end=\"1027\" \/><strong data-start=\"1027\" data-end=\"1040\">RICHATT<\/strong><\/span><\/p><p data-start=\"516\" data-end=\"717\"><span style=\"font-size: 16px;\"><strong data-start=\"1053\" data-end=\"1068\">Adresse :<\/strong> 193 ZRB, Avenue Moctar Ould Daddah,<br data-start=\"1050\" data-end=\"1053\" \/><strong data-start=\"1053\" data-end=\"1068\">T\u00e9l\u00e9phone :<\/strong> +222 41 01 11 00 <\/span><\/p>\t\t\t\t\t\t\t\t<\/div>\n\t\t\t\t<\/div>\n\t\t<div class=\"elementor-element elementor-element-f254817 e-con-full e-flex wpr-particle-no wpr-jarallax-no wpr-parallax-no wpr-sticky-section-no e-con e-child\" data-id=\"f254817\" data-element_type=\"container\">\n\t\t\t\t<div class=\"elementor-element elementor-element-6dfd6e6 elementor-widget elementor-widget-heading\" data-id=\"6dfd6e6\" data-element_type=\"widget\" data-widget_type=\"heading.default\">\n\t\t\t\t\t<h2 class=\"elementor-heading-title elementor-size-default\">3. Propri\u00e9t\u00e9 intellectuelle<\/h2>\t\t\t\t<\/div>\n\t\t\t\t<div class=\"elementor-element elementor-element-b46c9c5 elementor-widget elementor-widget-text-editor\" data-id=\"b46c9c5\" data-element_type=\"widget\" data-widget_type=\"text-editor.default\">\n\t\t\t\t\t\t\t\t\t<p data-start=\"1120\" data-end=\"1309\">L\u2019ensemble des contenus pr\u00e9sents sur le site (textes, documents, images, logos, vid\u00e9os, graphismes, etc.) sont la propri\u00e9t\u00e9 exclusive de la SNDE ou de tiers ayant autoris\u00e9 leur utilisation.<\/p><p data-start=\"1311\" data-end=\"1451\">Toute reproduction, repr\u00e9sentation, modification, publication ou adaptation, totale ou partielle, est interdite sans autorisation pr\u00e9alable.<\/p>\t\t\t\t\t\t\t\t<\/div>\n\t\t\t\t<\/div>\n\t\t<div class=\"elementor-element elementor-element-d299083 e-con-full e-flex wpr-particle-no wpr-jarallax-no wpr-parallax-no wpr-sticky-section-no e-con e-child\" data-id=\"d299083\" data-element_type=\"container\">\n\t\t\t\t<div class=\"elementor-element elementor-element-dce158b elementor-widget elementor-widget-heading\" data-id=\"dce158b\" data-element_type=\"widget\" data-widget_type=\"heading.default\">\n\t\t\t\t\t<h2 class=\"elementor-heading-title elementor-size-default\">4. Responsabilit\u00e9<\/h2>\t\t\t\t<\/div>\n\t\t\t\t<div class=\"elementor-element elementor-element-c3942f9 elementor-widget elementor-widget-text-editor\" data-id=\"c3942f9\" data-element_type=\"widget\" data-widget_type=\"text-editor.default\">\n\t\t\t\t\t\t\t\t\t<p data-start=\"1484\" data-end=\"1675\">La SNDE s\u2019efforce d\u2019assurer l\u2019exactitude et la mise \u00e0 jour des informations publi\u00e9es sur son site.<br data-start=\"1582\" data-end=\"1585\" \/>Toutefois, elle ne peut garantir l\u2019exhaustivit\u00e9, la pr\u00e9cision ou l\u2019actualit\u00e9 des contenus.<\/p><p data-start=\"1677\" data-end=\"1729\">La SNDE ne pourra \u00eatre tenue responsable en cas de :<\/p><ul data-start=\"1731\" data-end=\"1869\"><li data-start=\"1731\" data-end=\"1759\"><p data-start=\"1733\" data-end=\"1759\">dysfonctionnements du site<\/p><\/li><li data-start=\"1760\" data-end=\"1782\"><p data-start=\"1762\" data-end=\"1782\">erreurs ou omissions<\/p><\/li><li data-start=\"1783\" data-end=\"1808\"><p data-start=\"1785\" data-end=\"1808\">interruption de service<\/p><\/li><li data-start=\"1809\" data-end=\"1869\"><p data-start=\"1811\" data-end=\"1869\">dommages directs ou indirects li\u00e9s \u00e0 l\u2019utilisation du site<\/p><\/li><\/ul>\t\t\t\t\t\t\t\t<\/div>\n\t\t<div class=\"elementor-element elementor-element-bb1febe e-con-full e-flex wpr-particle-no wpr-jarallax-no wpr-parallax-no wpr-sticky-section-no e-con e-child\" data-id=\"bb1febe\" data-element_type=\"container\">\n\t\t\t\t<div class=\"elementor-element elementor-element-7bf0fff elementor-widget elementor-widget-heading\" data-id=\"7bf0fff\" data-element_type=\"widget\" data-widget_type=\"heading.default\">\n\t\t\t\t\t<h2 class=\"elementor-heading-title elementor-size-default\">5. Liens externes<\/h2>\t\t\t\t<\/div>\n\t\t\t\t<div class=\"elementor-element elementor-element-63e5894 elementor-widget elementor-widget-text-editor\" data-id=\"63e5894\" data-element_type=\"widget\" data-widget_type=\"text-editor.default\">\n\t\t\t\t\t\t\t\t\t<p data-start=\"1902\" data-end=\"2057\">Le site peut contenir des liens vers des sites tiers.<br data-start=\"1955\" data-end=\"1958\" \/>La SNDE n\u2019exerce aucun contr\u00f4le sur ces sites et ne saurait \u00eatre tenue responsable de leur contenu.<\/p>\t\t\t\t\t\t\t\t<\/div>\n\t\t\t\t<\/div>\n\t\t\t\t<\/div>\n\t\t<div class=\"elementor-element elementor-element-e91b365 e-con-full e-flex wpr-particle-no wpr-jarallax-no wpr-parallax-no wpr-sticky-section-no e-con e-child\" data-id=\"e91b365\" data-element_type=\"container\">\n\t\t\t\t<div class=\"elementor-element elementor-element-c5ea5d7 elementor-widget elementor-widget-heading\" data-id=\"c5ea5d7\" data-element_type=\"widget\" data-widget_type=\"heading.default\">\n\t\t\t\t\t<h2 class=\"elementor-heading-title elementor-size-default\">6. Modifications des mentions l\u00e9gales<\/h2>\t\t\t\t<\/div>\n\t\t\t\t<div class=\"elementor-element elementor-element-cdb545c elementor-widget elementor-widget-text-editor\" data-id=\"cdb545c\" data-element_type=\"widget\" data-widget_type=\"text-editor.default\">\n\t\t\t\t\t\t\t\t\t<p>La SNDE se r\u00e9serve le droit de modifier les pr\u00e9sentes mentions \u00e0 tout moment et sans pr\u00e9avis.<\/p>\t\t\t\t\t\t\t\t<\/div>\n\t\t<div class=\"elementor-element elementor-element-b55cc70 e-con-full e-flex wpr-particle-no wpr-jarallax-no wpr-parallax-no wpr-sticky-section-no e-con e-child\" data-id=\"b55cc70\" data-element_type=\"container\">\n\t\t\t\t<div class=\"elementor-element elementor-element-ae4aa04 elementor-widget elementor-widget-heading\" data-id=\"ae4aa04\" data-element_type=\"widget\" data-widget_type=\"heading.default\">\n\t\t\t\t\t<h2 class=\"elementor-heading-title elementor-size-default\">7. Droit applicable<\/h2>\t\t\t\t<\/div>\n\t\t\t\t<div class=\"elementor-element elementor-element-44f996b elementor-widget elementor-widget-text-editor\" data-id=\"44f996b\" data-element_type=\"widget\" data-widget_type=\"text-editor.default\">\n\t\t\t\t\t\t\t\t\t<p data-start=\"2238\" data-end=\"2308\">Les pr\u00e9sentes mentions l\u00e9gales sont soumises au <strong data-start=\"2286\" data-end=\"2307\">droit mauritanien<\/strong>.<\/p>\t\t\t\t\t\t\t\t<\/div>\n\t\t\t\t<\/div>\n\t\t\t\t<\/div>\n\t\t\t\t\t<\/div>\n\t\t\t\t<\/div>\n\t\t\t\t<\/div>\n\t\t\n    <div class=\"xs_social_share_widget xs_share_url after_content \t\tmain_content  wslu-style-1 wslu-share-box-shaped wslu-fill-colored wslu-none wslu-share-horizontal wslu-theme-font-no wslu-main_content\">\n\n\t\t\n        <ul>\n\t\t\t        <\/ul>\n    <\/div> \n","protected":false},"excerpt":{"rendered":"<p>1. Informations g\u00e9n\u00e9rales Le pr\u00e9sent site internet est \u00e9dit\u00e9 par laSNDE \u2014 Soci\u00e9t\u00e9 Nationale de l\u2019Eau,\u00e9tablissement public en charge de la production, du traitement et de la distribution de l\u2019eau potable en Mauritanie. Si\u00e8ge social : Nouakchott, MauritanieT\u00e9l\u00e9phone : +222 45 25 00 63 2. H\u00e9bergement du site Le site est h\u00e9berg\u00e9 par :SNDE D\u00e9velopp\u00e9 et maintenu par :RICHATT Adresse : 193 ZRB, Avenue Moctar Ould Daddah,T\u00e9l\u00e9phone : +222 41 01 11 00 3. Propri\u00e9t\u00e9 intellectuelle L\u2019ensemble des contenus pr\u00e9sents sur le site (textes, documents, images, logos, vid\u00e9os, graphismes, etc.) sont la propri\u00e9t\u00e9 exclusive de la SNDE ou de tiers ayant autoris\u00e9 leur utilisation. Toute reproduction, repr\u00e9sentation, modification, publication ou adaptation, totale ou partielle, est interdite sans autorisation pr\u00e9alable. 4. Responsabilit\u00e9 La SNDE s\u2019efforce d\u2019assurer l\u2019exactitude et la mise \u00e0 jour des informations publi\u00e9es sur son site.Toutefois, elle ne peut garantir l\u2019exhaustivit\u00e9, la pr\u00e9cision ou l\u2019actualit\u00e9 des contenus. La SNDE ne pourra \u00eatre tenue responsable en cas de : dysfonctionnements du site erreurs ou omissions interruption de service dommages directs ou indirects li\u00e9s \u00e0 l\u2019utilisation du site 5. Liens externes Le site peut contenir des liens vers des sites tiers.La SNDE n\u2019exerce aucun contr\u00f4le sur ces sites et ne saurait \u00eatre tenue responsable de leur contenu. 6. Modifications des mentions l\u00e9gales La SNDE se r\u00e9serve le droit de modifier les pr\u00e9sentes mentions \u00e0 tout moment et sans pr\u00e9avis. 7. Droit applicable Les pr\u00e9sentes mentions l\u00e9gales sont soumises au droit mauritanien.<\/p>\n","protected":false},"author":1,"featured_media":0,"parent":0,"menu_order":0,"comment_status":"closed","ping_status":"closed","template":"elementor_header_footer","meta":{"postBodyCss":"","postBodyMargin":[],"postBodyPadding":[],"postBodyBackground":{"backgroundType":"classic","gradient":""},"site-sidebar-layout":"no-sidebar","site-content-layout":"","ast-site-content-layout":"full-width-container","site-content-style":"default","site-sidebar-style":"default","ast-global-header-display":"","ast-banner-title-visibility":"","ast-main-header-display":"","ast-hfb-above-header-display":"","ast-hfb-below-header-display":"","ast-hfb-mobile-header-display":"","site-post-title":"","ast-breadcrumbs-content":"","ast-featured-img":"disabled","footer-sml-layout":"","ast-disable-related-posts":"","theme-transparent-header-meta":"","adv-header-id-meta":"","stick-header-meta":"","header-above-stick-meta":"","header-main-stick-meta":"","header-below-stick-meta":"","astra-migrate-meta-layouts":"default","ast-page-background-enabled":"default","ast-page-background-meta":{"desktop":{"background-color":"var(--ast-global-color-5)","background-image":"","background-repeat":"repeat","background-position":"center center","background-size":"auto","background-attachment":"scroll","background-type":"","background-media":"","overlay-type":"","overlay-color":"","overlay-opacity":"","overlay-gradient":""},"tablet":{"background-color":"","background-image":"","background-repeat":"repeat","background-position":"center center","background-size":"auto","background-attachment":"scroll","background-type":"","background-media":"","overlay-type":"","overlay-color":"","overlay-opacity":"","overlay-gradient":""},"mobile":{"background-color":"","background-image":"","background-repeat":"repeat","background-position":"center center","background-size":"auto","background-attachment":"scroll","background-type":"","background-media":"","overlay-type":"","overlay-color":"","overlay-opacity":"","overlay-gradient":""}},"ast-content-background-meta":{"desktop":{"background-color":"var(--ast-global-color-4)","background-image":"","background-repeat":"repeat","background-position":"center center","background-size":"auto","background-attachment":"scroll","background-type":"","background-media":"","overlay-type":"","overlay-color":"","overlay-opacity":"","overlay-gradient":""},"tablet":{"background-color":"var(--ast-global-color-4)","background-image":"","background-repeat":"repeat","background-position":"center center","background-size":"auto","background-attachment":"scroll","background-type":"","background-media":"","overlay-type":"","overlay-color":"","overlay-opacity":"","overlay-gradient":""},"mobile":{"background-color":"var(--ast-global-color-4)","background-image":"","background-repeat":"repeat","background-position":"center center","background-size":"auto","background-attachment":"scroll","background-type":"","background-media":"","overlay-type":"","overlay-color":"","overlay-opacity":"","overlay-gradient":""}},"footnotes":""},"class_list":["post-206","page","type-page","status-publish","hentry"],"_links":{"self":[{"href":"https:\/\/mysnde.mr\/index.php\/wp-json\/wp\/v2\/pages\/206","targetHints":{"allow":["GET"]}}],"collection":[{"href":"https:\/\/mysnde.mr\/index.php\/wp-json\/wp\/v2\/pages"}],"about":[{"href":"https:\/\/mysnde.mr\/index.php\/wp-json\/wp\/v2\/types\/page"}],"author":[{"embeddable":true,"href":"https:\/\/mysnde.mr\/index.php\/wp-json\/wp\/v2\/users\/1"}],"replies":[{"embeddable":true,"href":"https:\/\/mysnde.mr\/index.php\/wp-json\/wp\/v2\/comments?post=206"}],"version-history":[{"count":4,"href":"https:\/\/mysnde.mr\/index.php\/wp-json\/wp\/v2\/pages\/206\/revisions"}],"predecessor-version":[{"id":211,"href":"https:\/\/mysnde.mr\/index.php\/wp-json\/wp\/v2\/pages\/206\/revisions\/211"}],"wp:attachment":[{"href":"https:\/\/mysnde.mr\/index.php\/wp-json\/wp\/v2\/media?parent=206"}],"curies":[{"name":"wp","href":"https:\/\/api.w.org\/{rel}","templated":true}]}}