{"id":188,"date":"2025-12-17T11:02:14","date_gmt":"2025-12-17T11:02:14","guid":{"rendered":"http:\/\/3.90.218.212\/?page_id=188"},"modified":"2025-12-17T11:17:03","modified_gmt":"2025-12-17T11:17:03","slug":"about","status":"publish","type":"page","link":"https:\/\/mysnde.mr\/index.php\/about\/","title":{"rendered":"About"},"content":{"rendered":"\t\t<div data-elementor-type=\"wp-page\" data-elementor-id=\"188\" class=\"elementor elementor-188\">\n\t\t\t\t<div class=\"elementor-element elementor-element-8cb1421 e-flex e-con-boxed wpr-particle-no wpr-jarallax-no wpr-parallax-no wpr-sticky-section-no e-con e-parent\" data-id=\"8cb1421\" data-element_type=\"container\">\n\t\t\t\t\t<div class=\"e-con-inner\">\n\t\t\t\t<div class=\"elementor-element elementor-element-7792040 elementor-widget elementor-widget-heading\" data-id=\"7792040\" data-element_type=\"widget\" data-widget_type=\"heading.default\">\n\t\t\t\t\t<h2 class=\"elementor-heading-title elementor-size-default\">\u00c0 propos de la SNDE<\/h2>\t\t\t\t<\/div>\n\t\t\t\t<div class=\"elementor-element elementor-element-d616bbf elementor-widget elementor-widget-text-editor\" data-id=\"d616bbf\" data-element_type=\"widget\" data-widget_type=\"text-editor.default\">\n\t\t\t\t\t\t\t\t\t<p data-start=\"190\" data-end=\"359\">La Soci\u00e9t\u00e9 Nationale de Distribution d\u2019Eau (SNDE) est un \u00e9tablissement public charg\u00e9 de la production, du transport et de la distribution de l\u2019eau potable en Mauritanie.<\/p><p data-start=\"361\" data-end=\"589\">Acteur cl\u00e9 du service public de l\u2019eau, la SNDE \u0153uvre quotidiennement pour garantir un acc\u00e8s \u00e9quitable, durable et s\u00e9curis\u00e9 \u00e0 l\u2019eau potable pour les populations, tout en accompagnant le d\u00e9veloppement \u00e9conomique et social du pays.<\/p><p data-start=\"591\" data-end=\"961\">Gr\u00e2ce \u00e0 ses infrastructures de production, de traitement et de distribution, la SNDE assure l\u2019alimentation en eau des m\u00e9nages, des administrations publiques et des acteurs \u00e9conomiques sur l\u2019ensemble du territoire national. Elle veille au respect des normes de qualit\u00e9 et de s\u00e9curit\u00e9 sanitaire afin de fournir une eau conforme aux exigences nationales et internationales.<\/p><p data-start=\"963\" data-end=\"1331\">Engag\u00e9e dans une dynamique d\u2019am\u00e9lioration continue, la SNDE s\u2019investit dans la modernisation de ses installations, le renforcement de ses capacit\u00e9s techniques et la protection des ressources hydriques. Elle place \u00e9galement la satisfaction des usagers, la transparence et la responsabilit\u00e9 au c\u0153ur de ses actions, en tant qu\u2019entreprise publique au service des citoyens.<\/p><p data-start=\"1333\" data-end=\"1511\">Par son r\u00f4le strat\u00e9gique, la SNDE contribue activement aux politiques nationales de d\u00e9veloppement durable et \u00e0 l\u2019am\u00e9lioration des conditions de vie des populations en Mauritanie.<\/p>\t\t\t\t\t\t\t\t<\/div>\n\t\t\t\t\t<\/div>\n\t\t\t\t<\/div>\n\t\t\t\t<\/div>\n\t\t\n    <div class=\"xs_social_share_widget xs_share_url after_content \t\tmain_content  wslu-style-1 wslu-share-box-shaped wslu-fill-colored wslu-none wslu-share-horizontal wslu-theme-font-no wslu-main_content\">\n\n\t\t\n        <ul>\n\t\t\t        <\/ul>\n    <\/div> \n","protected":false},"excerpt":{"rendered":"<p>\u00c0 propos de la SNDE La Soci\u00e9t\u00e9 Nationale de Distribution d\u2019Eau (SNDE) est un \u00e9tablissement public charg\u00e9 de la production, du transport et de la distribution de l\u2019eau potable en Mauritanie. Acteur cl\u00e9 du service public de l\u2019eau, la SNDE \u0153uvre quotidiennement pour garantir un acc\u00e8s \u00e9quitable, durable et s\u00e9curis\u00e9 \u00e0 l\u2019eau potable pour les populations, tout en accompagnant le d\u00e9veloppement \u00e9conomique et social du pays. Gr\u00e2ce \u00e0 ses infrastructures de production, de traitement et de distribution, la SNDE assure l\u2019alimentation en eau des m\u00e9nages, des administrations publiques et des acteurs \u00e9conomiques sur l\u2019ensemble du territoire national. Elle veille au respect des normes de qualit\u00e9 et de s\u00e9curit\u00e9 sanitaire afin de fournir une eau conforme aux exigences nationales et internationales. Engag\u00e9e dans une dynamique d\u2019am\u00e9lioration continue, la SNDE s\u2019investit dans la modernisation de ses installations, le renforcement de ses capacit\u00e9s techniques et la protection des ressources hydriques. Elle place \u00e9galement la satisfaction des usagers, la transparence et la responsabilit\u00e9 au c\u0153ur de ses actions, en tant qu\u2019entreprise publique au service des citoyens. Par son r\u00f4le strat\u00e9gique, la SNDE contribue activement aux politiques nationales de d\u00e9veloppement durable et \u00e0 l\u2019am\u00e9lioration des conditions de vie des populations en Mauritanie.<\/p>\n","protected":false},"author":1,"featured_media":0,"parent":0,"menu_order":0,"comment_status":"closed","ping_status":"closed","template":"elementor_header_footer","meta":{"postBodyCss":"","postBodyMargin":[],"postBodyPadding":[],"postBodyBackground":{"backgroundType":"classic","gradient":""},"site-sidebar-layout":"no-sidebar","site-content-layout":"","ast-site-content-layout":"full-width-container","site-content-style":"default","site-sidebar-style":"default","ast-global-header-display":"","ast-banner-title-visibility":"","ast-main-header-display":"","ast-hfb-above-header-display":"","ast-hfb-below-header-display":"","ast-hfb-mobile-header-display":"","site-post-title":"","ast-breadcrumbs-content":"","ast-featured-img":"disabled","footer-sml-layout":"","ast-disable-related-posts":"","theme-transparent-header-meta":"","adv-header-id-meta":"","stick-header-meta":"","header-above-stick-meta":"","header-main-stick-meta":"","header-below-stick-meta":"","astra-migrate-meta-layouts":"default","ast-page-background-enabled":"default","ast-page-background-meta":{"desktop":{"background-color":"var(--ast-global-color-5)","background-image":"","background-repeat":"repeat","background-position":"center center","background-size":"auto","background-attachment":"scroll","background-type":"","background-media":"","overlay-type":"","overlay-color":"","overlay-opacity":"","overlay-gradient":""},"tablet":{"background-color":"","background-image":"","background-repeat":"repeat","background-position":"center center","background-size":"auto","background-attachment":"scroll","background-type":"","background-media":"","overlay-type":"","overlay-color":"","overlay-opacity":"","overlay-gradient":""},"mobile":{"background-color":"","background-image":"","background-repeat":"repeat","background-position":"center center","background-size":"auto","background-attachment":"scroll","background-type":"","background-media":"","overlay-type":"","overlay-color":"","overlay-opacity":"","overlay-gradient":""}},"ast-content-background-meta":{"desktop":{"background-color":"var(--ast-global-color-4)","background-image":"","background-repeat":"repeat","background-position":"center center","background-size":"auto","background-attachment":"scroll","background-type":"","background-media":"","overlay-type":"","overlay-color":"","overlay-opacity":"","overlay-gradient":""},"tablet":{"background-color":"var(--ast-global-color-4)","background-image":"","background-repeat":"repeat","background-position":"center center","background-size":"auto","background-attachment":"scroll","background-type":"","background-media":"","overlay-type":"","overlay-color":"","overlay-opacity":"","overlay-gradient":""},"mobile":{"background-color":"var(--ast-global-color-4)","background-image":"","background-repeat":"repeat","background-position":"center center","background-size":"auto","background-attachment":"scroll","background-type":"","background-media":"","overlay-type":"","overlay-color":"","overlay-opacity":"","overlay-gradient":""}},"footnotes":""},"class_list":["post-188","page","type-page","status-publish","hentry"],"_links":{"self":[{"href":"https:\/\/mysnde.mr\/index.php\/wp-json\/wp\/v2\/pages\/188","targetHints":{"allow":["GET"]}}],"collection":[{"href":"https:\/\/mysnde.mr\/index.php\/wp-json\/wp\/v2\/pages"}],"about":[{"href":"https:\/\/mysnde.mr\/index.php\/wp-json\/wp\/v2\/types\/page"}],"author":[{"embeddable":true,"href":"https:\/\/mysnde.mr\/index.php\/wp-json\/wp\/v2\/users\/1"}],"replies":[{"embeddable":true,"href":"https:\/\/mysnde.mr\/index.php\/wp-json\/wp\/v2\/comments?post=188"}],"version-history":[{"count":4,"href":"https:\/\/mysnde.mr\/index.php\/wp-json\/wp\/v2\/pages\/188\/revisions"}],"predecessor-version":[{"id":195,"href":"https:\/\/mysnde.mr\/index.php\/wp-json\/wp\/v2\/pages\/188\/revisions\/195"}],"wp:attachment":[{"href":"https:\/\/mysnde.mr\/index.php\/wp-json\/wp\/v2\/media?parent=188"}],"curies":[{"name":"wp","href":"https:\/\/api.w.org\/{rel}","templated":true}]}}